{"id":592,"date":"2019-05-28T16:20:14","date_gmt":"2019-05-28T14:20:14","guid":{"rendered":"http:\/\/gymruffier.com\/blog\/?page_id=592"},"modified":"2019-05-28T16:20:21","modified_gmt":"2019-05-28T14:20:21","slug":"journee-plein-air-a-tiens-bon-la-barre","status":"publish","type":"page","link":"http:\/\/gymruffier.com\/blog\/journee-plein-air-a-tiens-bon-la-barre\/","title":{"rendered":"Journ\u00e9e plein air \u00e0 \u00ab\u00a0Tiens bon la Barre\u00a0\u00bb"},"content":{"rendered":"\n<p>L\u2019association \u00ab&nbsp;Tiens bon la barre&nbsp;\u00bb s\u2019est retrouv\u00e9e une nouvelle fois \u00e0 Palavas pour la traditionnelle journ\u00e9e de plein air avec pique-nique le mardi 14 mai 2019.<\/p>\n\n\n\n<p>Sous un ciel bleu et un soleil resplendissant, plus de<strong> cent trente <\/strong>personnes ont r\u00e9pondu pr\u00e9sent pour profiter de ce moment festif qui permet de c\u00f4toyer les adh\u00e9rents des diff\u00e9rents cercles.<\/p>\n\n\n\n<p><a rel=\"noreferrer noopener\" href=\"https:\/\/photos.google.com\/share\/AF1QipP_73Q5gFsegMAaGO8bj0i-fiNISu7iodVbGBm-SB23yfXlMhwe1MDj2dO-ly7jAA?hl=fr&amp;key=MGtBQW9VeGM1a1I0TXNRNEtFMEhpZTZpOEhIaHFB\" target=\"_blank\">Plein Palavas 2019<\/a><\/p>\n\n\n\n<figure class=\"wp-block-image is-resized\"><img loading=\"lazy\" decoding=\"async\" data-attachment-id=\"593\" data-permalink=\"http:\/\/gymruffier.com\/blog\/journee-plein-air-a-tiens-bon-la-barre\/p1140828-1\/\" data-orig-file=\"https:\/\/i0.wp.com\/gymruffier.com\/blog\/wp-content\/uploads\/2019\/05\/p1140828-1.jpg?fit=262%2C135\" data-orig-size=\"262,135\" data-comments-opened=\"1\" data-image-meta=\"{&quot;aperture&quot;:&quot;5.6&quot;,&quot;credit&quot;:&quot;Picasa&quot;,&quot;camera&quot;:&quot;DMC-TZ7&quot;,&quot;caption&quot;:&quot;&quot;,&quot;created_timestamp&quot;:&quot;1557830923&quot;,&quot;copyright&quot;:&quot;&quot;,&quot;focal_length&quot;:&quot;4.1&quot;,&quot;iso&quot;:&quot;80&quot;,&quot;shutter_speed&quot;:&quot;0.0015625&quot;,&quot;title&quot;:&quot;&quot;,&quot;orientation&quot;:&quot;0&quot;}\" data-image-title=\"p1140828-1\" data-image-description=\"\" data-image-caption=\"\" data-medium-file=\"https:\/\/i0.wp.com\/gymruffier.com\/blog\/wp-content\/uploads\/2019\/05\/p1140828-1.jpg?fit=262%2C135\" data-large-file=\"https:\/\/i0.wp.com\/gymruffier.com\/blog\/wp-content\/uploads\/2019\/05\/p1140828-1.jpg?fit=262%2C135\" tabindex=\"0\" role=\"button\" src=\"https:\/\/i0.wp.com\/gymruffier.com\/blog\/wp-content\/uploads\/2019\/05\/p1140828-1.jpg?resize=640%2C330\" alt=\"\" class=\"wp-image-593\" width=\"640\" height=\"330\" data-recalc-dims=\"1\" \/><figcaption><em><strong>En forme avec la gym Ruffier !<\/strong><\/em><\/figcaption><\/figure>\n\n\n\n<p><\/p>\n","protected":false},"excerpt":{"rendered":"<p>L\u2019association \u00ab&nbsp;Tiens bon la barre&nbsp;\u00bb s\u2019est retrouv\u00e9e une nouvelle fois \u00e0 Palavas pour la traditionnelle journ\u00e9e de plein air avec pique-nique le mardi 14 mai 2019. Sous un ciel bleu et un soleil resplendissant, plus de cent trente personnes ont r\u00e9pondu pr\u00e9sent pour profiter de ce moment festif qui permet de c\u00f4toyer les adh\u00e9rents des &hellip; <a href=\"http:\/\/gymruffier.com\/blog\/journee-plein-air-a-tiens-bon-la-barre\/\" class=\"more-link\">Lire la suite <span class=\"screen-reader-text\">Journ\u00e9e plein air \u00e0 \u00ab\u00a0Tiens bon la Barre\u00a0\u00bb<\/span><\/a><\/p>\n","protected":false},"author":1,"featured_media":0,"parent":0,"menu_order":0,"comment_status":"closed","ping_status":"closed","template":"","meta":{"jetpack_post_was_ever_published":false,"footnotes":""},"jetpack_sharing_enabled":true,"jetpack_shortlink":"https:\/\/wp.me\/P9S76F-9y","jetpack-related-posts":[],"jetpack_likes_enabled":true,"_links":{"self":[{"href":"http:\/\/gymruffier.com\/blog\/wp-json\/wp\/v2\/pages\/592"}],"collection":[{"href":"http:\/\/gymruffier.com\/blog\/wp-json\/wp\/v2\/pages"}],"about":[{"href":"http:\/\/gymruffier.com\/blog\/wp-json\/wp\/v2\/types\/page"}],"author":[{"embeddable":true,"href":"http:\/\/gymruffier.com\/blog\/wp-json\/wp\/v2\/users\/1"}],"replies":[{"embeddable":true,"href":"http:\/\/gymruffier.com\/blog\/wp-json\/wp\/v2\/comments?post=592"}],"version-history":[{"count":1,"href":"http:\/\/gymruffier.com\/blog\/wp-json\/wp\/v2\/pages\/592\/revisions"}],"predecessor-version":[{"id":594,"href":"http:\/\/gymruffier.com\/blog\/wp-json\/wp\/v2\/pages\/592\/revisions\/594"}],"wp:attachment":[{"href":"http:\/\/gymruffier.com\/blog\/wp-json\/wp\/v2\/media?parent=592"}],"curies":[{"name":"wp","href":"https:\/\/api.w.org\/{rel}","templated":true}]}}